{"id":457,"date":"2024-09-26T22:36:10","date_gmt":"2024-09-26T22:36:10","guid":{"rendered":"https:\/\/intensity.mx\/?post_type=product&#038;p=457"},"modified":"2024-10-21T17:56:44","modified_gmt":"2024-10-21T17:56:44","slug":"mini-chiller-r32","status":"publish","type":"product","link":"https:\/\/intensity.mx\/en\/product\/mini-chiller-r32\/","title":{"rendered":"Mini Chiller R32"},"content":{"rendered":"<ul>\n<li>Brand: Intensity<\/li>\n<li>Mode: Heat-pump<\/li>\n<li>Capacity: 1 to 3, 4 TR<\/li>\n<li>Voltage: 220V-1F-60Hz<\/li>\n<li>Refrigerant: R32A<\/li>\n<\/ul>","protected":false},"excerpt":{"rendered":"<p>Descubre la innovaci\u00f3n del Mini Chiller Inverter: la opci\u00f3n ideal para tus proyectos de crecimiento progresivo que buscan enfriamiento y calefacci\u00f3n confiable durante todo el a\u00f1o.<\/p>\n<ul>\n<li>Alta eficiencia gracias a su Tecnolog\u00eda Inverter.<\/li>\n<li>Incluye al\u00e1mbrico remoto.<\/li>\n<li>Opci\u00f3n de recubrimiento anticorrosivo bajo pedido o para proyectos especiales.<\/li>\n<\/ul>\n<p>&nbsp;<\/p>","protected":false},"featured_media":315,"template":"","meta":{"_acf_changed":false,"_joinchat":[]},"product_brand":[],"product_cat":[22],"product_tag":[],"class_list":{"0":"post-457","1":"product","2":"type-product","3":"status-publish","4":"has-post-thumbnail","6":"product_cat-agua-helada","8":"first","9":"outofstock","10":"shipping-taxable","11":"product-type-simple"},"acf":[],"_links":{"self":[{"href":"https:\/\/intensity.mx\/en\/wp-json\/wp\/v2\/product\/457","targetHints":{"allow":["GET"]}}],"collection":[{"href":"https:\/\/intensity.mx\/en\/wp-json\/wp\/v2\/product"}],"about":[{"href":"https:\/\/intensity.mx\/en\/wp-json\/wp\/v2\/types\/product"}],"wp:featuredmedia":[{"embeddable":true,"href":"https:\/\/intensity.mx\/en\/wp-json\/wp\/v2\/media\/315"}],"wp:attachment":[{"href":"https:\/\/intensity.mx\/en\/wp-json\/wp\/v2\/media?parent=457"}],"wp:term":[{"taxonomy":"product_brand","embeddable":true,"href":"https:\/\/intensity.mx\/en\/wp-json\/wp\/v2\/product_brand?post=457"},{"taxonomy":"product_cat","embeddable":true,"href":"https:\/\/intensity.mx\/en\/wp-json\/wp\/v2\/product_cat?post=457"},{"taxonomy":"product_tag","embeddable":true,"href":"https:\/\/intensity.mx\/en\/wp-json\/wp\/v2\/product_tag?post=457"}],"curies":[{"name":"wp","href":"https:\/\/api.w.org\/{rel}","templated":true}]}}