{"id":453,"date":"2024-09-26T22:36:09","date_gmt":"2024-09-26T22:36:09","guid":{"rendered":"https:\/\/intensity.mx\/?post_type=product&#038;p=453"},"modified":"2024-10-21T17:38:46","modified_gmt":"2024-10-21T17:38:46","slug":"cassette-1-via","status":"publish","type":"product","link":"https:\/\/intensity.mx\/en\/product\/cassette-1-via\/","title":{"rendered":"One Way Cassette"},"content":{"rendered":"<ul>\n<li style=\"font-weight: 400;\" aria-level=\"1\"><span style=\"font-weight: 400;\">Brand: Intensity<\/span><\/li>\n<li style=\"font-weight: 400;\" aria-level=\"1\"><span style=\"font-weight: 400;\">Mode: Heat-pump<\/span><\/li>\n<li style=\"font-weight: 400;\" aria-level=\"1\"><span style=\"font-weight: 400;\">Capacity: 1, 1.5 TR<\/span><\/li>\n<li style=\"font-weight: 400;\" aria-level=\"1\"><span style=\"font-weight: 400;\">Voltage: 220V-1F-60Hz<\/span><\/li>\n<li aria-level=\"1\">*Agua Helada \/ Agua Caliente<\/li>\n<\/ul>","protected":false},"excerpt":{"rendered":"<p>Con dise\u00f1o est\u00e9tico y compacto ofrece practicidad en instalaci\u00f3n para lugares de bajo peralte y aquellos espacios limitados a 30 cm de altura en plafones.<\/p>\n<ul>\n<li>Bomba de drenado para alcanzar una altura de 75 cm.<\/li>\n<li>Control remoto incluido.<\/li>\n<li>Opci\u00f3n a controlador al\u00e1mbrico, como accesorio adicional.<\/li>\n<\/ul>","protected":false},"featured_media":311,"template":"","meta":{"_acf_changed":false,"_joinchat":[]},"product_brand":[],"product_cat":[22],"product_tag":[],"class_list":{"0":"post-453","1":"product","2":"type-product","3":"status-publish","4":"has-post-thumbnail","6":"product_cat-agua-helada","8":"first","9":"outofstock","10":"shipping-taxable","11":"product-type-simple"},"acf":[],"_links":{"self":[{"href":"https:\/\/intensity.mx\/en\/wp-json\/wp\/v2\/product\/453","targetHints":{"allow":["GET"]}}],"collection":[{"href":"https:\/\/intensity.mx\/en\/wp-json\/wp\/v2\/product"}],"about":[{"href":"https:\/\/intensity.mx\/en\/wp-json\/wp\/v2\/types\/product"}],"wp:featuredmedia":[{"embeddable":true,"href":"https:\/\/intensity.mx\/en\/wp-json\/wp\/v2\/media\/311"}],"wp:attachment":[{"href":"https:\/\/intensity.mx\/en\/wp-json\/wp\/v2\/media?parent=453"}],"wp:term":[{"taxonomy":"product_brand","embeddable":true,"href":"https:\/\/intensity.mx\/en\/wp-json\/wp\/v2\/product_brand?post=453"},{"taxonomy":"product_cat","embeddable":true,"href":"https:\/\/intensity.mx\/en\/wp-json\/wp\/v2\/product_cat?post=453"},{"taxonomy":"product_tag","embeddable":true,"href":"https:\/\/intensity.mx\/en\/wp-json\/wp\/v2\/product_tag?post=453"}],"curies":[{"name":"wp","href":"https:\/\/api.w.org\/{rel}","templated":true}]}}