{"id":451,"date":"2024-09-26T22:36:09","date_gmt":"2024-09-26T22:36:09","guid":{"rendered":"https:\/\/intensity.mx\/?post_type=product&#038;p=451"},"modified":"2024-10-17T16:57:58","modified_gmt":"2024-10-17T16:57:58","slug":"fan-coil","status":"publish","type":"product","link":"https:\/\/intensity.mx\/en\/product\/fan-coil\/","title":{"rendered":"Fan &amp; Coil"},"content":{"rendered":"<ul>\n<li style=\"font-weight: 400;\" aria-level=\"1\"><span style=\"font-weight: 400;\">Brand: Intensity<\/span><\/li>\n<li style=\"font-weight: 400;\" aria-level=\"1\"><span style=\"font-weight: 400;\">Mode: Heat-pump<\/span><\/li>\n<li style=\"font-weight: 400;\" aria-level=\"1\"><span style=\"font-weight: 400;\">Capacidades: 1, 1.5, 2, 3, 4 y 5 TR *4 Hileras<\/span><\/li>\n<li style=\"font-weight: 400;\" aria-level=\"1\">Voltaje: 115V-1F-60Hz (1, 1.5 y 2 TR) y 220V-1F-60Hz (3, 4 y 5 TR)<\/li>\n<li aria-level=\"1\">*Agua Helada \/ Agua Caliente<\/li>\n<\/ul>","protected":false},"excerpt":{"rendered":"<p>Esta unidad interior permite una f\u00e1cil conexi\u00f3n de tuber\u00edas a la izquierda o a la derecha, intercambiable en campo para adaptarse a diferentes configuraciones de instalaci\u00f3n.<\/p>\n<p>Equipado con un serpent\u00edn de 4 hileras, garantiza un rendimiento excepcional y una eficiencia energ\u00e9tica superior.<\/p>\n<p>Incluye una caja de plenum y un filtro de aire lavable de f\u00e1brica, optimizando el mantenimiento y asegurando un aire limpio y fresco.<\/p>","protected":false},"featured_media":309,"template":"","meta":{"_acf_changed":false,"_joinchat":[]},"product_brand":[],"product_cat":[22],"product_tag":[],"class_list":{"0":"post-451","1":"product","2":"type-product","3":"status-publish","4":"has-post-thumbnail","6":"product_cat-agua-helada","8":"first","9":"outofstock","10":"shipping-taxable","11":"product-type-simple"},"acf":[],"_links":{"self":[{"href":"https:\/\/intensity.mx\/en\/wp-json\/wp\/v2\/product\/451","targetHints":{"allow":["GET"]}}],"collection":[{"href":"https:\/\/intensity.mx\/en\/wp-json\/wp\/v2\/product"}],"about":[{"href":"https:\/\/intensity.mx\/en\/wp-json\/wp\/v2\/types\/product"}],"wp:featuredmedia":[{"embeddable":true,"href":"https:\/\/intensity.mx\/en\/wp-json\/wp\/v2\/media\/309"}],"wp:attachment":[{"href":"https:\/\/intensity.mx\/en\/wp-json\/wp\/v2\/media?parent=451"}],"wp:term":[{"taxonomy":"product_brand","embeddable":true,"href":"https:\/\/intensity.mx\/en\/wp-json\/wp\/v2\/product_brand?post=451"},{"taxonomy":"product_cat","embeddable":true,"href":"https:\/\/intensity.mx\/en\/wp-json\/wp\/v2\/product_cat?post=451"},{"taxonomy":"product_tag","embeddable":true,"href":"https:\/\/intensity.mx\/en\/wp-json\/wp\/v2\/product_tag?post=451"}],"curies":[{"name":"wp","href":"https:\/\/api.w.org\/{rel}","templated":true}]}}