{"id":450,"date":"2024-09-25T22:36:09","date_gmt":"2024-09-25T22:36:09","guid":{"rendered":"https:\/\/intensity.mx\/?post_type=product&#038;p=450"},"modified":"2024-10-15T23:18:23","modified_gmt":"2024-10-15T23:18:23","slug":"unidad-hotelera-ptac-inverter","status":"publish","type":"product","link":"https:\/\/intensity.mx\/en\/product\/unidad-hotelera-ptac-inverter\/","title":{"rendered":"Hotel PTAC Inverter Unit"},"content":{"rendered":"<ul>\n<li style=\"font-weight: 400;\" aria-level=\"1\"><span style=\"font-weight: 400;\">Brand: Intensity<\/span><\/li>\n<li style=\"font-weight: 400;\" aria-level=\"1\"><span style=\"font-weight: 400;\">Mode: Cooling Only, Heat-pump, and Electric Heating<\/span><\/li>\n<li style=\"font-weight: 400;\" aria-level=\"1\"><span style=\"font-weight: 400;\">Capacity: 1.25 TR<\/span><\/li>\n<li style=\"font-weight: 400;\" aria-level=\"1\"><span style=\"font-weight: 400;\">Voltage: 220V-1F-60Hz<\/span><\/li>\n<li style=\"font-weight: 400;\" aria-level=\"1\"><span style=\"font-weight: 400;\">Refrigerant: R-410A<\/span><\/li>\n<\/ul>","protected":false},"excerpt":{"rendered":"<p>\u00a1La soluci\u00f3n ideal para Proyectos Hoteleros! Ahorra energ\u00eda al m\u00e1ximo, gracias a su bajo consumo de operaci\u00f3n y tecnolog\u00eda Inverter.<\/p>\n<p>Gracias a su funcionamiento S\u00f3lo fr\u00edo &#8211; Heat Pump, puedes esperar el m\u00e1ximo confort sin importar la temporada. Cuenta con opci\u00f3n para controlarse con Termostato a 24V.<\/p>\n<p>Incluye: gabinete, parrilla posterior, panel frontal, cable toma corriente y kit de drenado de f\u00e1brica.<\/p>","protected":false},"featured_media":308,"template":"","meta":{"_acf_changed":false,"_joinchat":[]},"product_brand":[],"product_cat":[20],"product_tag":[],"class_list":{"0":"post-450","1":"product","2":"type-product","3":"status-publish","4":"has-post-thumbnail","6":"product_cat-expansion-directa","8":"first","9":"outofstock","10":"shipping-taxable","11":"product-type-simple"},"acf":[],"_links":{"self":[{"href":"https:\/\/intensity.mx\/en\/wp-json\/wp\/v2\/product\/450","targetHints":{"allow":["GET"]}}],"collection":[{"href":"https:\/\/intensity.mx\/en\/wp-json\/wp\/v2\/product"}],"about":[{"href":"https:\/\/intensity.mx\/en\/wp-json\/wp\/v2\/types\/product"}],"wp:featuredmedia":[{"embeddable":true,"href":"https:\/\/intensity.mx\/en\/wp-json\/wp\/v2\/media\/308"}],"wp:attachment":[{"href":"https:\/\/intensity.mx\/en\/wp-json\/wp\/v2\/media?parent=450"}],"wp:term":[{"taxonomy":"product_brand","embeddable":true,"href":"https:\/\/intensity.mx\/en\/wp-json\/wp\/v2\/product_brand?post=450"},{"taxonomy":"product_cat","embeddable":true,"href":"https:\/\/intensity.mx\/en\/wp-json\/wp\/v2\/product_cat?post=450"},{"taxonomy":"product_tag","embeddable":true,"href":"https:\/\/intensity.mx\/en\/wp-json\/wp\/v2\/product_tag?post=450"}],"curies":[{"name":"wp","href":"https:\/\/api.w.org\/{rel}","templated":true}]}}