{"id":444,"date":"2024-09-25T22:36:08","date_gmt":"2024-09-25T22:36:08","guid":{"rendered":"https:\/\/intensity.mx\/?post_type=product&#038;p=444"},"modified":"2024-10-18T17:15:09","modified_gmt":"2024-10-18T17:15:09","slug":"mini-vrf-diverse","status":"publish","type":"product","link":"https:\/\/intensity.mx\/en\/product\/mini-vrf-diverse\/","title":{"rendered":"Mini VRF Diverse"},"content":{"rendered":"<ul>\n<li style=\"font-weight: 400;\" aria-level=\"1\"><span style=\"font-weight: 400;\">Brand: Intensity<\/span><\/li>\n<li style=\"font-weight: 400;\" aria-level=\"1\"><span style=\"font-weight: 400;\">Mode: Heat-pump<\/span><\/li>\n<li style=\"font-weight: 400;\" aria-level=\"1\"><span style=\"font-weight: 400;\">Capacity: 3, 4, 4.5 and 5 TR<\/span><\/li>\n<li style=\"font-weight: 400;\" aria-level=\"1\"><span style=\"font-weight: 400;\">Voltage: 220V-1F-60Hz<\/span><\/li>\n<li style=\"font-weight: 400;\" aria-level=\"1\"><span style=\"font-weight: 400;\">Refrigerant: R-410A<\/span><\/li>\n<\/ul>\n<p>&nbsp;<\/p>\n<ul>\n<li><strong>Fan &amp; Coil<br \/>\nCapacidades disponibles:\u00a0<\/strong>1, 1.5, 2 y 3 TR<br \/>\nSobre pedido: .62, .79, 1.27, 2.27, 2.55, 3.18, 4.0 y 4.54 TR<\/li>\n<li><strong>Cassette 1 v\u00eda<br \/>\nCapacidades disponibles: <\/strong>1, 1.5 y 2 TR<br \/>\nSobre pedido: .51, .62, .79 y 1.27 TR<strong><br \/>\n<\/strong><\/li>\n<li><strong>4-Way Cassette<br \/>\n<\/strong><strong>Capacidades disponibles: <\/strong>1, 1.5, 2 y 3 TR<br \/>\nSobre pedido: .62, .79, 1.0, 1.27, 2.27, 2.55, 3.18 y 4 TR<\/li>\n<li><strong>High Wall<br \/>\nCapacidades disponibles: 1, 1.5 y 2 TR<br \/>\n<\/strong>Sobre pedido: .62, .79, 1.25, 2.27 y 2.55 TR<\/li>\n<\/ul>\n<p>&nbsp;<\/p>\n<p>&nbsp;<\/p>","protected":false},"excerpt":{"rendered":"<p>Este novedoso Sistema Intensity Diverse, permite conectar cualquier combinaci\u00f3n disponible de unidades interiores hasta que lo permita el sistema de selecci\u00f3n seg\u00fan cada proyecto, aprovechando la tecnolog\u00eda Inverter para optimizar el consumo de energ\u00eda y el controlador maestro CCM15 (opcional) para poder manejar cada sistema completo desde un smartphone o tablet.<\/p>\n<p>Transform your apartment with our innovative climate control solution: Connect up to 9 indoor units to a single outdoor unit and enjoy unparalleled comfort in multiple spaces!<\/p>\n<p>-Capacidad de <strong>HASTA 6 TR interiores:<\/strong> Flexibilidad y eficiencia en un solo sistema.<br \/>\n-Instalaci\u00f3n Simplificada: Branches roscables para evitar soldaduras y agilizar el montaje.<br \/>\n-Ahorro de Espacio: Dise\u00f1o compacto para una instalaci\u00f3n m\u00e1s ordenada.<br \/>\n-Operaci\u00f3n Fiable en Condiciones Extremas: Rendimiento \u00f3ptimo incluso en temperaturas extremas.<\/p>\n<p>&nbsp;<\/p>\n<p>&nbsp;<\/p>\n<p>&nbsp;<\/p>\n<p>&nbsp;<\/p>","protected":false},"featured_media":303,"template":"","meta":{"_acf_changed":false,"_joinchat":[]},"product_brand":[],"product_cat":[23],"product_tag":[],"class_list":{"0":"post-444","1":"product","2":"type-product","3":"status-publish","4":"has-post-thumbnail","6":"product_cat-vrf","8":"first","9":"outofstock","10":"shipping-taxable","11":"product-type-simple"},"acf":[],"_links":{"self":[{"href":"https:\/\/intensity.mx\/en\/wp-json\/wp\/v2\/product\/444","targetHints":{"allow":["GET"]}}],"collection":[{"href":"https:\/\/intensity.mx\/en\/wp-json\/wp\/v2\/product"}],"about":[{"href":"https:\/\/intensity.mx\/en\/wp-json\/wp\/v2\/types\/product"}],"wp:featuredmedia":[{"embeddable":true,"href":"https:\/\/intensity.mx\/en\/wp-json\/wp\/v2\/media\/303"}],"wp:attachment":[{"href":"https:\/\/intensity.mx\/en\/wp-json\/wp\/v2\/media?parent=444"}],"wp:term":[{"taxonomy":"product_brand","embeddable":true,"href":"https:\/\/intensity.mx\/en\/wp-json\/wp\/v2\/product_brand?post=444"},{"taxonomy":"product_cat","embeddable":true,"href":"https:\/\/intensity.mx\/en\/wp-json\/wp\/v2\/product_cat?post=444"},{"taxonomy":"product_tag","embeddable":true,"href":"https:\/\/intensity.mx\/en\/wp-json\/wp\/v2\/product_tag?post=444"}],"curies":[{"name":"wp","href":"https:\/\/api.w.org\/{rel}","templated":true}]}}