{"id":443,"date":"2024-09-25T22:36:08","date_gmt":"2024-09-25T22:36:08","guid":{"rendered":"https:\/\/intensity.mx\/?post_type=product&#038;p=443"},"modified":"2024-10-15T23:57:39","modified_gmt":"2024-10-15T23:57:39","slug":"dividido-universal-inverter","status":"publish","type":"product","link":"https:\/\/intensity.mx\/en\/product\/dividido-universal-inverter\/","title":{"rendered":"Universal Split System"},"content":{"rendered":"<ul>\n<li style=\"font-weight: 400;\" aria-level=\"1\"><span style=\"font-weight: 400;\">Brand: Intensity<\/span><\/li>\n<li style=\"font-weight: 400;\" aria-level=\"1\"><span style=\"font-weight: 400;\">Mode: Heat-pump<\/span><\/li>\n<li style=\"font-weight: 400;\" aria-level=\"1\"><span style=\"font-weight: 400;\">Capacity: 1.5, 2, 3 y 5 TR<\/span><\/li>\n<li style=\"font-weight: 400;\" aria-level=\"1\"><span style=\"font-weight: 400;\">Voltage: 220V-1F-60Hz<\/span><\/li>\n<li style=\"font-weight: 400;\" aria-level=\"1\"><span style=\"font-weight: 400;\">Refrigerant: R-410A<\/span><\/li>\n<\/ul>","protected":false},"excerpt":{"rendered":"<p>Este novedoso sistema permite utilizar la misma condensadora para cada una de sus diferentes evaporadoras.<\/p>\n<p>\u00a1\u00daNICO sistema controlado a 24 volts, compatible con termostatos WiFi, para manejar f\u00e1cilmente desde tu dispositivo m\u00f3vil!<\/p>\n<p>Conecta 1:1 con cualquiera de sus unidades interiores:<\/p>\n<ul>\n<li>Fan &amp; Coil: Dise\u00f1o compacto, filtros lavables, operaci\u00f3n silenciosa cuenta con caja plenum<\/li>\n<li>Cassette 4 v\u00edas: Dise\u00f1o compacto, manejado por control remoto, 4 v\u00edas para una buena distribuci\u00f3n de aire en la habitaci\u00f3n, panel de retorno de f\u00e1cil acceso para limpieza.<\/li>\n<li>Piso techo: F\u00e1cil mantenimiento, manejado por control remoto, Deflexi\u00f3n autom\u00e1tica vertical, flexibilidad de instalaci\u00f3n (piso o techo).<\/li>\n<li>Manejadora: Multiposici\u00f3n, descarga convertible vertical up flow y horizontal derecha.<\/li>\n<\/ul>","protected":false},"featured_media":302,"template":"","meta":{"_acf_changed":false,"_joinchat":[]},"product_brand":[],"product_cat":[20],"product_tag":[],"class_list":{"0":"post-443","1":"product","2":"type-product","3":"status-publish","4":"has-post-thumbnail","6":"product_cat-expansion-directa","8":"first","9":"outofstock","10":"shipping-taxable","11":"product-type-simple"},"acf":[],"_links":{"self":[{"href":"https:\/\/intensity.mx\/en\/wp-json\/wp\/v2\/product\/443","targetHints":{"allow":["GET"]}}],"collection":[{"href":"https:\/\/intensity.mx\/en\/wp-json\/wp\/v2\/product"}],"about":[{"href":"https:\/\/intensity.mx\/en\/wp-json\/wp\/v2\/types\/product"}],"wp:featuredmedia":[{"embeddable":true,"href":"https:\/\/intensity.mx\/en\/wp-json\/wp\/v2\/media\/302"}],"wp:attachment":[{"href":"https:\/\/intensity.mx\/en\/wp-json\/wp\/v2\/media?parent=443"}],"wp:term":[{"taxonomy":"product_brand","embeddable":true,"href":"https:\/\/intensity.mx\/en\/wp-json\/wp\/v2\/product_brand?post=443"},{"taxonomy":"product_cat","embeddable":true,"href":"https:\/\/intensity.mx\/en\/wp-json\/wp\/v2\/product_cat?post=443"},{"taxonomy":"product_tag","embeddable":true,"href":"https:\/\/intensity.mx\/en\/wp-json\/wp\/v2\/product_tag?post=443"}],"curies":[{"name":"wp","href":"https:\/\/api.w.org\/{rel}","templated":true}]}}