{"id":442,"date":"2024-09-25T22:36:08","date_gmt":"2024-09-25T22:36:08","guid":{"rendered":"https:\/\/intensity.mx\/?post_type=product&#038;p=442"},"modified":"2025-04-16T15:52:47","modified_gmt":"2025-04-16T15:52:47","slug":"minisplit-high-wall-inverter","status":"publish","type":"product","link":"https:\/\/intensity.mx\/en\/product\/minisplit-high-wall-inverter\/","title":{"rendered":"Minisplit High Wall Inverter"},"content":{"rendered":"<ul>\n<li style=\"font-weight: 400;\" aria-level=\"1\"><span style=\"font-weight: 400;\">Brand: Intensity<\/span><\/li>\n<li style=\"font-weight: 400;\" aria-level=\"1\"><span style=\"font-weight: 400;\">Modo: Fr\u00edo &#8211; Calor \/ S\u00f3lo Fr\u00edo (Bajo pedido*)<\/span><\/li>\n<li style=\"font-weight: 400;\" aria-level=\"1\"><span style=\"font-weight: 400;\">Capacidades: 1, 1.5, 2 Y 3 TR<\/span><\/li>\n<li style=\"font-weight: 400;\" aria-level=\"1\"><span style=\"font-weight: 400;\">Voltaje: 110V-1F-60Hz (1TR) \u00a0\/ 220V-1F-60Hz (1-3 TR)<\/span><\/li>\n<li style=\"font-weight: 400;\" aria-level=\"1\"><span style=\"font-weight: 400;\">Refrigerante: R-32<\/span><\/li>\n<\/ul>","protected":false},"excerpt":{"rendered":"<p><strong>\u00a1Sensaci\u00f3n suprema de confort al operar tu equipo!<\/strong><\/p>\n<ul>\n<li>M\u00e1ximo ahorro de energ\u00eda, gracias a su tecnolog\u00eda Inverter.<\/li>\n<li>Rapidez en acondicionamiento del espacio.<\/li>\n<\/ul>","protected":false},"featured_media":1154,"template":"","meta":{"_acf_changed":false,"_joinchat":[]},"product_brand":[],"product_cat":[20],"product_tag":[],"class_list":{"0":"post-442","1":"product","2":"type-product","3":"status-publish","4":"has-post-thumbnail","6":"product_cat-expansion-directa","8":"first","9":"outofstock","10":"shipping-taxable","11":"product-type-simple"},"acf":[],"_links":{"self":[{"href":"https:\/\/intensity.mx\/en\/wp-json\/wp\/v2\/product\/442","targetHints":{"allow":["GET"]}}],"collection":[{"href":"https:\/\/intensity.mx\/en\/wp-json\/wp\/v2\/product"}],"about":[{"href":"https:\/\/intensity.mx\/en\/wp-json\/wp\/v2\/types\/product"}],"wp:featuredmedia":[{"embeddable":true,"href":"https:\/\/intensity.mx\/en\/wp-json\/wp\/v2\/media\/1154"}],"wp:attachment":[{"href":"https:\/\/intensity.mx\/en\/wp-json\/wp\/v2\/media?parent=442"}],"wp:term":[{"taxonomy":"product_brand","embeddable":true,"href":"https:\/\/intensity.mx\/en\/wp-json\/wp\/v2\/product_brand?post=442"},{"taxonomy":"product_cat","embeddable":true,"href":"https:\/\/intensity.mx\/en\/wp-json\/wp\/v2\/product_cat?post=442"},{"taxonomy":"product_tag","embeddable":true,"href":"https:\/\/intensity.mx\/en\/wp-json\/wp\/v2\/product_tag?post=442"}],"curies":[{"name":"wp","href":"https:\/\/api.w.org\/{rel}","templated":true}]}}