{"id":441,"date":"2024-09-25T22:36:08","date_gmt":"2024-09-25T22:36:08","guid":{"rendered":"https:\/\/intensity.mx\/?post_type=product&#038;p=441"},"modified":"2025-04-15T17:13:24","modified_gmt":"2025-04-15T17:13:24","slug":"minisplit-high-wall-inverter-solo-frio","status":"publish","type":"product","link":"https:\/\/intensity.mx\/en\/product\/minisplit-high-wall-inverter-solo-frio\/","title":{"rendered":"Minisplit High Wall Inverter"},"content":{"rendered":"<ul>\n<li style=\"font-weight: 400;\" aria-level=\"1\"><span style=\"font-weight: 400;\">Brand: Intensity<\/span><\/li>\n<li style=\"font-weight: 400;\" aria-level=\"1\"><span style=\"font-weight: 400;\">Mode: Heat-pump<\/span><\/li>\n<li style=\"font-weight: 400;\" aria-level=\"1\"><span style=\"font-weight: 400;\">Capacidades: 1, 1.5, 2 TR<\/span><\/li>\n<li style=\"font-weight: 400;\" aria-level=\"1\"><span style=\"font-weight: 400;\">Voltaje: 115V-1F-60Hz \/220V-1F-60Hz<\/span><\/li>\n<li style=\"font-weight: 400;\" aria-level=\"1\"><span style=\"font-weight: 400;\">Refrigerant: R-410A<\/span><\/li>\n<\/ul>","protected":false},"excerpt":{"rendered":"<p>Las soluci\u00f3n ideal para tu hogar \u00a1M\u00e1ximo ahorro de energ\u00eda gracias a su tecnolog\u00eda Inverter! Inteligente con tecnolog\u00eda WiFi que te permite controlarlo f\u00e1cilmente desde tu dispositivo m\u00f3vil.<\/p>","protected":false},"featured_media":300,"template":"","meta":{"_acf_changed":false,"_joinchat":[]},"product_brand":[],"product_cat":[20],"product_tag":[],"class_list":{"0":"post-441","1":"product","2":"type-product","3":"status-publish","4":"has-post-thumbnail","6":"product_cat-expansion-directa","8":"first","9":"outofstock","10":"shipping-taxable","11":"product-type-variable"},"acf":[],"_links":{"self":[{"href":"https:\/\/intensity.mx\/en\/wp-json\/wp\/v2\/product\/441","targetHints":{"allow":["GET"]}}],"collection":[{"href":"https:\/\/intensity.mx\/en\/wp-json\/wp\/v2\/product"}],"about":[{"href":"https:\/\/intensity.mx\/en\/wp-json\/wp\/v2\/types\/product"}],"wp:featuredmedia":[{"embeddable":true,"href":"https:\/\/intensity.mx\/en\/wp-json\/wp\/v2\/media\/300"}],"wp:attachment":[{"href":"https:\/\/intensity.mx\/en\/wp-json\/wp\/v2\/media?parent=441"}],"wp:term":[{"taxonomy":"product_brand","embeddable":true,"href":"https:\/\/intensity.mx\/en\/wp-json\/wp\/v2\/product_brand?post=441"},{"taxonomy":"product_cat","embeddable":true,"href":"https:\/\/intensity.mx\/en\/wp-json\/wp\/v2\/product_cat?post=441"},{"taxonomy":"product_tag","embeddable":true,"href":"https:\/\/intensity.mx\/en\/wp-json\/wp\/v2\/product_tag?post=441"}],"curies":[{"name":"wp","href":"https:\/\/api.w.org\/{rel}","templated":true}]}}