{"id":682,"date":"2024-10-15T00:09:18","date_gmt":"2024-10-15T00:09:18","guid":{"rendered":"https:\/\/intensity.mx\/?page_id=682"},"modified":"2024-10-15T00:09:58","modified_gmt":"2024-10-15T00:09:58","slug":"terminos-y-condiciones","status":"publish","type":"page","link":"https:\/\/intensity.mx\/en\/terminos-y-condiciones\/","title":{"rendered":"T\u00e9rminos y condiciones"},"content":{"rendered":"<div data-elementor-type=\"wp-page\" data-elementor-id=\"682\" class=\"elementor elementor-682\" data-elementor-post-type=\"page\">\n\t\t\t\t<div class=\"elementor-element elementor-element-5668c5c e-flex e-con-boxed e-con e-parent\" data-id=\"5668c5c\" data-element_type=\"container\">\n\t\t\t\t\t<div class=\"e-con-inner\">\n\t\t\t\t<div class=\"elementor-element elementor-element-e7547e9 elementor-widget elementor-widget-heading\" data-id=\"e7547e9\" data-element_type=\"widget\" data-widget_type=\"heading.default\">\n\t\t\t\t<div class=\"elementor-widget-container\">\n\t\t\t\t\t<h2 class=\"elementor-heading-title elementor-size-default\">T\u00e9rminos y condiciones<\/h2>\t\t\t\t<\/div>\n\t\t\t\t<\/div>\n\t\t\t\t<div class=\"elementor-element elementor-element-e6969a8 elementor-widget elementor-widget-text-editor\" data-id=\"e6969a8\" data-element_type=\"widget\" data-widget_type=\"text-editor.default\">\n\t\t\t\t<div class=\"elementor-widget-container\">\n\t\t\t\t\t\t\t\t\t<p><b>CONSENTIMIENTO ACEPTACI\u00d3N DE LOS T\u00c9RMINOS<\/b><\/p><p><span style=\"font-weight: 400;\">El titular de datos personales manifiesta haber le\u00eddo y estar de acuerdo con los t\u00e9rminos y condiciones del Aviso de Privacidad puesto a su disposici\u00f3n, conociendo la finalidad de la recolecci\u00f3n y tratamiento de sus datos personales, as\u00ed como el procedimiento para el ejercicio de sus Derechos ARCO. Al proporcionar informaci\u00f3n v\u00eda internet, telef\u00f3nica o personalmente, usted otorga su consentimiento al presente Aviso de Privacidad.\u00a0<\/span><\/p><p><span style=\"font-weight: 400;\">En la inteligencia que la presente declaraci\u00f3n de Confidencialidad\/Privacidad est\u00e1 sujeta a los t\u00e9rminos y condiciones de todos los sitios web de Intensity Air, S.A. de C. V. antes descritos, lo cual constituye un acuerdo legal entre el usuario y Intensity Air, S.A. de C. V.\u00a0Si el usuario utiliza los servicios en cualquiera de los sitios de Intensity Air, S.A. de C. V., significa que ha le\u00eddo, entendido y acordado los t\u00e9rminos antes expuestos. Si no est\u00e1 de acuerdo con ellos, el usuario no deber\u00e1 proporcionar ninguna informaci\u00f3n personal, ni utilizar los servicios de los sitios de Intensity Air, S.A. de C. V.\u00a0<\/span><\/p><p><span style=\"font-weight: 400;\">IFAI<\/span><\/p><p><span style=\"font-weight: 400;\">Si usted considera que su derecho a la protecci\u00f3n de sus datos personales ha sido lesionado por alguna conducta u omisi\u00f3n de nuestra parte, o presume alguna violaci\u00f3n a las disposiciones previstas en la Ley Federal de Protecci\u00f3n de Datos Personales en Posesi\u00f3n de los Particulares, su Reglamento y dem\u00e1s ordenamientos aplicables, podr\u00e1 interponer su inconformidad o denuncia ante el Instituto Federal de Acceso a la Informaci\u00f3n y Protecci\u00f3n de Datos (IFAI). Para mayor informaci\u00f3n, le sugerimos visitar su p\u00e1gina oficial de Internet\u00a0<\/span><a href=\"http:\/\/www.ifai.org.mx\"><span style=\"font-weight: 400;\">www.ifai.org.mx<\/span><\/a><\/p><p>\u00a0<\/p><p><span style=\"font-weight: 400;\">Fecha \u00faltima actualizaci\u00f3n: Octubre 2024.<\/span><\/p><p><span style=\"font-weight: 400;\">Atentamente.- INTENSITY AIR, S.A. DE C. V.<\/span><\/p>\t\t\t\t\t\t\t\t<\/div>\n\t\t\t\t<\/div>\n\t\t\t\t\t<\/div>\n\t\t\t\t<\/div>\n\t\t\t\t<\/div>","protected":false},"excerpt":{"rendered":"<p>CONSENTIMIENTO ACEPTACI\u00d3N DE LOS T\u00c9RMINOS El titular de datos personales manifiesta haber le\u00eddo y estar de acuerdo con los t\u00e9rminos y condiciones del Aviso de Privacidad puesto a su disposici\u00f3n, conociendo la finalidad de la recolecci\u00f3n y tratamiento de sus datos personales, as\u00ed como el procedimiento para el ejercicio de sus Derechos ARCO. Al proporcionar [&hellip;]<\/p>","protected":false},"author":1,"featured_media":0,"parent":0,"menu_order":0,"comment_status":"closed","ping_status":"closed","template":"","meta":{"_acf_changed":false,"_joinchat":[],"footnotes":""},"class_list":["post-682","page","type-page","status-publish","hentry"],"acf":[],"_links":{"self":[{"href":"https:\/\/intensity.mx\/en\/wp-json\/wp\/v2\/pages\/682","targetHints":{"allow":["GET"]}}],"collection":[{"href":"https:\/\/intensity.mx\/en\/wp-json\/wp\/v2\/pages"}],"about":[{"href":"https:\/\/intensity.mx\/en\/wp-json\/wp\/v2\/types\/page"}],"author":[{"embeddable":true,"href":"https:\/\/intensity.mx\/en\/wp-json\/wp\/v2\/users\/1"}],"replies":[{"embeddable":true,"href":"https:\/\/intensity.mx\/en\/wp-json\/wp\/v2\/comments?post=682"}],"version-history":[{"count":0,"href":"https:\/\/intensity.mx\/en\/wp-json\/wp\/v2\/pages\/682\/revisions"}],"wp:attachment":[{"href":"https:\/\/intensity.mx\/en\/wp-json\/wp\/v2\/media?parent=682"}],"curies":[{"name":"wp","href":"https:\/\/api.w.org\/{rel}","templated":true}]}}