{"id":198,"date":"2024-09-25T17:00:56","date_gmt":"2024-09-25T17:00:56","guid":{"rendered":"https:\/\/intensity.mx\/?page_id=198"},"modified":"2024-10-02T06:14:56","modified_gmt":"2024-10-02T06:14:56","slug":"garantias-gracias","status":"publish","type":"page","link":"https:\/\/intensity.mx\/en\/garantias-gracias\/","title":{"rendered":"Garant\u00edas &#8211; gracias"},"content":{"rendered":"<div data-elementor-type=\"wp-page\" data-elementor-id=\"198\" class=\"elementor elementor-198\" data-elementor-post-type=\"page\">\n\t\t\t\t<div class=\"elementor-element elementor-element-cca1d03 e-flex e-con-boxed e-con e-parent\" data-id=\"cca1d03\" data-element_type=\"container\">\n\t\t\t\t\t<div class=\"e-con-inner\">\n\t\t<div class=\"elementor-element elementor-element-e7a5844 e-con-full e-flex e-con e-child\" data-id=\"e7a5844\" data-element_type=\"container\" data-settings=\"{&quot;background_background&quot;:&quot;classic&quot;}\">\n\t\t<div class=\"elementor-element elementor-element-66d9323 e-con-full e-flex e-con e-child\" data-id=\"66d9323\" data-element_type=\"container\">\n\t\t\t\t<div class=\"elementor-element elementor-element-88ea0e0 elementor-widget__width-initial elementor-widget elementor-widget-heading\" data-id=\"88ea0e0\" data-element_type=\"widget\" data-widget_type=\"heading.default\">\n\t\t\t\t<div class=\"elementor-widget-container\">\n\t\t\t\t\t<h2 class=\"elementor-heading-title elementor-size-default\">Gracias<\/h2>\t\t\t\t<\/div>\n\t\t\t\t<\/div>\n\t\t\t\t<\/div>\n\t\t<div class=\"elementor-element elementor-element-061fb62 e-con-full e-flex e-con e-child\" data-id=\"061fb62\" data-element_type=\"container\">\n\t\t\t\t<div class=\"elementor-element elementor-element-087db6e elementor-widget elementor-widget-text-editor\" data-id=\"087db6e\" data-element_type=\"widget\" data-widget_type=\"text-editor.default\">\n\t\t\t\t<div class=\"elementor-widget-container\">\n\t\t\t\t\t\t\t\t\t<p>Hemos recibido tu solicitud. Nuestro equipo la revisar\u00e1 y nos pondremos en contacto contigo a la brevedad para siguientes pasos.<\/p>\t\t\t\t\t\t\t\t<\/div>\n\t\t\t\t<\/div>\n\t\t\t\t<\/div>\n\t\t\t\t<\/div>\n\t\t\t\t\t<\/div>\n\t\t\t\t<\/div>\n\t\t<div class=\"elementor-element elementor-element-f194200 e-flex e-con-boxed e-con e-parent\" data-id=\"f194200\" data-element_type=\"container\">\n\t\t\t\t\t<div class=\"e-con-inner\">\n\t\t<div class=\"elementor-element elementor-element-149ab43 e-con-full e-flex e-con e-child\" data-id=\"149ab43\" data-element_type=\"container\" data-settings=\"{&quot;background_background&quot;:&quot;classic&quot;}\">\n\t\t<div class=\"elementor-element elementor-element-04d75dc e-con-full e-flex e-con e-child\" data-id=\"04d75dc\" data-element_type=\"container\">\n\t\t\t\t<div class=\"elementor-element elementor-element-7a3108d elementor-widget elementor-widget-image\" data-id=\"7a3108d\" data-element_type=\"widget\" data-widget_type=\"image.default\">\n\t\t\t\t<div class=\"elementor-widget-container\">\n\t\t\t\t\t\t\t\t\t\t\t\t\t\t\t<img decoding=\"async\" width=\"300\" height=\"137\" src=\"https:\/\/intensity.mx\/wp-content\/uploads\/2024\/09\/Eurka2Asset-5@2x-1.png\" class=\"attachment-large size-large wp-image-201\" alt=\"\" \/>\t\t\t\t\t\t\t\t\t\t\t\t\t\t\t<\/div>\n\t\t\t\t<\/div>\n\t\t\t\t<div class=\"elementor-element elementor-element-abc987a elementor-widget elementor-widget-text-editor\" data-id=\"abc987a\" data-element_type=\"widget\" data-widget_type=\"text-editor.default\">\n\t\t\t\t<div class=\"elementor-widget-container\">\n\t\t\t\t\t\t\t\t\t<p>Discover the Latest in Air Conditioning Technology to Boost Your Projects and Business<\/p>\t\t\t\t\t\t\t\t<\/div>\n\t\t\t\t<\/div>\n\t\t\t\t<div class=\"elementor-element elementor-element-170bb98 elementor-align-center elementor-widget elementor-widget-button\" data-id=\"170bb98\" data-element_type=\"widget\" data-widget_type=\"button.default\">\n\t\t\t\t<div class=\"elementor-widget-container\">\n\t\t\t\t\t\t\t\t\t<div class=\"elementor-button-wrapper\">\n\t\t\t\t\t<a class=\"elementor-button elementor-button-link elementor-size-sm\" href=\"#\">\n\t\t\t\t\t\t<span class=\"elementor-button-content-wrapper\">\n\t\t\t\t\t\t\t\t\t<span class=\"elementor-button-text\">Learn more<\/span>\n\t\t\t\t\t<\/span>\n\t\t\t\t\t<\/a>\n\t\t\t\t<\/div>\n\t\t\t\t\t\t\t\t<\/div>\n\t\t\t\t<\/div>\n\t\t\t\t<\/div>\n\t\t\t\t<\/div>\n\t\t\t\t\t<\/div>\n\t\t\t\t<\/div>\n\t\t<div class=\"elementor-element elementor-element-c6e9d88 e-flex e-con-boxed e-con e-parent\" data-id=\"c6e9d88\" data-element_type=\"container\" data-settings=\"{&quot;background_background&quot;:&quot;classic&quot;}\">\n\t\t\t\t\t<div class=\"e-con-inner\">\n\t\t<div class=\"elementor-element elementor-element-200a96e e-con-full e-flex e-con e-child\" data-id=\"200a96e\" data-element_type=\"container\" data-settings=\"{&quot;background_background&quot;:&quot;classic&quot;}\">\n\t\t<div class=\"elementor-element elementor-element-34112da e-con-full e-flex e-con e-child\" data-id=\"34112da\" data-element_type=\"container\">\n\t\t\t\t<div class=\"elementor-element elementor-element-95a5070 elementor-widget__width-initial elementor-widget elementor-widget-heading\" data-id=\"95a5070\" data-element_type=\"widget\" data-widget_type=\"heading.default\">\n\t\t\t\t<div class=\"elementor-widget-container\">\n\t\t\t\t\t<h2 class=\"elementor-heading-title elementor-size-default\">Blog<\/h2>\t\t\t\t<\/div>\n\t\t\t\t<\/div>\n\t\t\t\t<\/div>\n\t\t<div class=\"elementor-element elementor-element-be47aa3 e-con-full e-flex e-con e-child\" data-id=\"be47aa3\" data-element_type=\"container\">\n\t\t\t\t<div class=\"elementor-element elementor-element-a373131 elementor-widget elementor-widget-heading\" data-id=\"a373131\" data-element_type=\"widget\" data-widget_type=\"heading.default\">\n\t\t\t\t<div class=\"elementor-widget-container\">\n\t\t\t\t\t<h2 class=\"elementor-heading-title elementor-size-default\">Recibe las \u00faltimas actualizaciones, lanzamientos exclusivos y consejos sobre climatizaci\u00f3n en tu bandeja de entrada.<\/h2>\t\t\t\t<\/div>\n\t\t\t\t<\/div>\n\t\t\t\t<div class=\"elementor-element elementor-element-a0d7897 elementor-button-align-stretch elementor-widget elementor-widget-form\" data-id=\"a0d7897\" data-element_type=\"widget\" data-settings=\"{&quot;button_width&quot;:&quot;25&quot;,&quot;step_next_label&quot;:&quot;Next&quot;,&quot;step_previous_label&quot;:&quot;Previous&quot;,&quot;step_type&quot;:&quot;number_text&quot;,&quot;step_icon_shape&quot;:&quot;circle&quot;}\" data-widget_type=\"form.default\">\n\t\t\t\t<div class=\"elementor-widget-container\">\n\t\t\t\t\t\t\t<form class=\"elementor-form\" method=\"post\" id=\"form_newsletter\" name=\"Newsletter form\" aria-label=\"Newsletter form\" action=\"\">\n\t\t\t<input type=\"hidden\" name=\"post_id\" value=\"198\"\/>\n\t\t\t<input type=\"hidden\" name=\"form_id\" value=\"a0d7897\"\/>\n\t\t\t<input type=\"hidden\" name=\"referer_title\" value=\"Garant\u00edas &#8211; gracias\" \/>\n\n\t\t\t\t\t\t\t<input type=\"hidden\" name=\"queried_id\" value=\"198\"\/>\n\t\t\t\n\t\t\t<div class=\"elementor-form-fields-wrapper elementor-labels-\">\n\t\t\t\t\t\t\t\t<div class=\"elementor-field-type-email elementor-field-group elementor-column elementor-field-group-email elementor-col-75 elementor-field-required\">\n\t\t\t\t\t\t\t\t\t\t\t\t<label for=\"form-field-email\" class=\"elementor-field-label elementor-screen-only\">\n\t\t\t\t\t\t\t\tEmail\t\t\t\t\t\t\t<\/label>\n\t\t\t\t\t\t\t\t\t\t\t\t\t\t<input size=\"1\" type=\"email\" name=\"form_fields[email]\" id=\"form-field-email\" class=\"elementor-field elementor-size-lg  elementor-field-textual\" placeholder=\"Email\" required=\"required\">\n\t\t\t\t\t\t\t\t\t\t\t<\/div>\n\t\t\t\t\t\t\t\t<div class=\"elementor-field-group elementor-column elementor-field-type-submit elementor-col-25 e-form__buttons\">\n\t\t\t\t\t<button class=\"elementor-button elementor-size-lg\" type=\"submit\">\n\t\t\t\t\t\t<span class=\"elementor-button-content-wrapper\">\n\t\t\t\t\t\t\t\t\t\t\t\t\t\t\t\t\t\t\t\t\t\t<span class=\"elementor-button-text\">Send<\/span>\n\t\t\t\t\t\t\t\t\t\t\t\t\t<\/span>\n\t\t\t\t\t<\/button>\n\t\t\t\t<\/div>\n\t\t\t<\/div>\n\t\t<input type=\"hidden\" name=\"trp-form-language\" value=\"en\"\/><\/form>\n\t\t\t\t\t\t<\/div>\n\t\t\t\t<\/div>\n\t\t\t\t<\/div>\n\t\t\t\t<\/div>\n\t\t\t\t\t<\/div>\n\t\t\t\t<\/div>\n\t\t\t\t<\/div>","protected":false},"excerpt":{"rendered":"<p>Gracias Hemos recibido tu solicitud. Nuestro equipo la revisar\u00e1 y nos pondremos en contacto contigo a la brevedad para siguientes pasos. Encuentra la \u00faltima tecnolog\u00eda en Aire Acondicionado para Impulsar tus Proyectos y tu Negocio. Conoce m\u00e1s Blog Recibe las \u00faltimas actualizaciones, lanzamientos exclusivos y consejos sobre climatizaci\u00f3n en tu bandeja de entrada.<\/p>","protected":false},"author":1,"featured_media":0,"parent":0,"menu_order":0,"comment_status":"closed","ping_status":"closed","template":"elementor_header_footer","meta":{"_acf_changed":false,"_joinchat":[],"footnotes":""},"class_list":["post-198","page","type-page","status-publish","hentry"],"acf":[],"_links":{"self":[{"href":"https:\/\/intensity.mx\/en\/wp-json\/wp\/v2\/pages\/198","targetHints":{"allow":["GET"]}}],"collection":[{"href":"https:\/\/intensity.mx\/en\/wp-json\/wp\/v2\/pages"}],"about":[{"href":"https:\/\/intensity.mx\/en\/wp-json\/wp\/v2\/types\/page"}],"author":[{"embeddable":true,"href":"https:\/\/intensity.mx\/en\/wp-json\/wp\/v2\/users\/1"}],"replies":[{"embeddable":true,"href":"https:\/\/intensity.mx\/en\/wp-json\/wp\/v2\/comments?post=198"}],"version-history":[{"count":0,"href":"https:\/\/intensity.mx\/en\/wp-json\/wp\/v2\/pages\/198\/revisions"}],"wp:attachment":[{"href":"https:\/\/intensity.mx\/en\/wp-json\/wp\/v2\/media?parent=198"}],"curies":[{"name":"wp","href":"https:\/\/api.w.org\/{rel}","templated":true}]}}